{"id":626,"date":"2022-07-04T16:42:09","date_gmt":"2022-07-04T19:42:09","guid":{"rendered":"https:\/\/same.med.br\/?page_id=626"},"modified":"2022-07-12T18:21:48","modified_gmt":"2022-07-12T21:21:48","slug":"servicos-2-2-2","status":"publish","type":"page","link":"https:\/\/same.med.br\/index.php\/servicos-2-2-2\/","title":{"rendered":"Unidade Movel"},"content":{"rendered":"<style>\/*! elementor - v3.6.7 - 03-07-2022 *\/\n.elementor-widget-image{text-align:center}.elementor-widget-image a{display:inline-block}.elementor-widget-image a img[src$=\".svg\"]{width:48px}.elementor-widget-image img{vertical-align:middle;display:inline-block}<\/style>\n<p>\t\t\t\t\t\t\t\t\t\t\t\t<img decoding=\"async\" width=\"350\" height=\"144\" src=\"http:\/\/same.med.br\/wp-content\/uploads\/2022\/05\/SAme.png\" alt=\"\" loading=\"lazy\" srcset=\"https:\/\/same.med.br\/wp-content\/uploads\/2022\/05\/SAme.png 350w, https:\/\/same.med.br\/wp-content\/uploads\/2022\/05\/SAme-300x123.png 300w\" sizes=\"auto, (max-width: 350px) 100vw, 350px\" \/>\t\t\t\t\t\t\t\t\t\t\t\t\t\t\t<\/p>\n<style>\/*! elementor - v3.6.7 - 03-07-2022 *\/\n.e-container.e-container--row .elementor-spacer-inner{width:var(--spacer-size)}.e-container.e-container--column .elementor-spacer-inner,.elementor-column .elementor-spacer-inner{height:var(--spacer-size)}<\/style>\n<p>\t\t\t<a href=\"#\" role=\"button\"><br \/>\n\t\t\t\t\t\tPortal<br \/>\n\t\t\t\t\t<\/a><br \/>\n\t\t\t<a href=\"#\" role=\"button\"><br \/>\n\t\t\t\t\t\tPortal<br \/>\n\t\t\t\t\t<\/a><\/p>\n<style>\/*! elementor - v3.6.7 - 03-07-2022 *\/\n.elementor-heading-title{padding:0;margin:0;line-height:1}.elementor-widget-heading .elementor-heading-title[class*=elementor-size-]>a{color:inherit;font-size:inherit;line-height:inherit}.elementor-widget-heading .elementor-heading-title.elementor-size-small{font-size:15px}.elementor-widget-heading .elementor-heading-title.elementor-size-medium{font-size:19px}.elementor-widget-heading .elementor-heading-title.elementor-size-large{font-size:29px}.elementor-widget-heading .elementor-heading-title.elementor-size-xl{font-size:39px}.elementor-widget-heading .elementor-heading-title.elementor-size-xxl{font-size:59px}<\/style>\n<h2>Unidades m\u00f3veis<\/h2>\n<p>Contamos com uma completa frota para atender qualquer situa\u00e7\u00e3o, com unidades m\u00f3veis simples e UTI, 4&#215;2 ou 4&#215;4, com equipamentos de alta qualidade, Cobertura de eventos, remo\u00e7\u00f5es simples de car\u00e1ter eletivo ou inter-hospitalar.<\/p>\n<p>\t\t\t\t\t\t\t\t\t\t\t\t\t\t\t<img decoding=\"async\" width=\"1080\" height=\"700\" src=\"http:\/\/same.med.br\/wp-content\/uploads\/2022\/07\/SAME-1080x700.png\" alt=\"\" loading=\"lazy\" \/><\/p>\n","protected":false},"excerpt":{"rendered":"<p>Portal Portal Unidades m\u00f3veis Contamos com uma completa frota para atender qualquer situa\u00e7\u00e3o, com unidades m\u00f3veis simples e UTI, 4&#215;2 ou 4&#215;4, com equipamentos de alta qualidade, Cobertura de eventos, remo\u00e7\u00f5es simples de car\u00e1ter eletivo ou inter-hospitalar.<\/p>\n","protected":false},"author":1,"featured_media":0,"parent":0,"menu_order":0,"comment_status":"closed","ping_status":"closed","template":"","meta":{"footnotes":""},"class_list":["post-626","page","type-page","status-publish","hentry","entry"],"_links":{"self":[{"href":"https:\/\/same.med.br\/index.php\/wp-json\/wp\/v2\/pages\/626","targetHints":{"allow":["GET"]}}],"collection":[{"href":"https:\/\/same.med.br\/index.php\/wp-json\/wp\/v2\/pages"}],"about":[{"href":"https:\/\/same.med.br\/index.php\/wp-json\/wp\/v2\/types\/page"}],"author":[{"embeddable":true,"href":"https:\/\/same.med.br\/index.php\/wp-json\/wp\/v2\/users\/1"}],"replies":[{"embeddable":true,"href":"https:\/\/same.med.br\/index.php\/wp-json\/wp\/v2\/comments?post=626"}],"version-history":[{"count":14,"href":"https:\/\/same.med.br\/index.php\/wp-json\/wp\/v2\/pages\/626\/revisions"}],"predecessor-version":[{"id":808,"href":"https:\/\/same.med.br\/index.php\/wp-json\/wp\/v2\/pages\/626\/revisions\/808"}],"wp:attachment":[{"href":"https:\/\/same.med.br\/index.php\/wp-json\/wp\/v2\/media?parent=626"}],"curies":[{"name":"wp","href":"https:\/\/api.w.org\/{rel}","templated":true}]}}