{"id":678,"date":"2022-07-07T12:32:05","date_gmt":"2022-07-07T15:32:05","guid":{"rendered":"https:\/\/same.med.br\/?page_id=678"},"modified":"2022-07-12T18:20:52","modified_gmt":"2022-07-12T21:20:52","slug":"servicos-2-2","status":"publish","type":"page","link":"https:\/\/same.med.br\/index.php\/servicos-2-2\/","title":{"rendered":"Remo\u00e7\u00e3o"},"content":{"rendered":"<style>\/*! elementor - v3.6.7 - 03-07-2022 *\/\n.elementor-widget-image{text-align:center}.elementor-widget-image a{display:inline-block}.elementor-widget-image a img[src$=\".svg\"]{width:48px}.elementor-widget-image img{vertical-align:middle;display:inline-block}<\/style>\n<p>\t\t\t\t\t\t\t\t\t\t\t\t<img decoding=\"async\" width=\"350\" height=\"144\" src=\"http:\/\/same.med.br\/wp-content\/uploads\/2022\/05\/SAme.png\" alt=\"\" loading=\"lazy\" srcset=\"https:\/\/same.med.br\/wp-content\/uploads\/2022\/05\/SAme.png 350w, https:\/\/same.med.br\/wp-content\/uploads\/2022\/05\/SAme-300x123.png 300w\" sizes=\"auto, (max-width: 350px) 100vw, 350px\" \/>\t\t\t\t\t\t\t\t\t\t\t\t\t\t\t<\/p>\n<style>\/*! elementor - v3.6.7 - 03-07-2022 *\/\n.e-container.e-container--row .elementor-spacer-inner{width:var(--spacer-size)}.e-container.e-container--column .elementor-spacer-inner,.elementor-column .elementor-spacer-inner{height:var(--spacer-size)}<\/style>\n<p>\t\t\t<a href=\"#\" role=\"button\"><br \/>\n\t\t\t\t\t\tPortal<br \/>\n\t\t\t\t\t<\/a><br \/>\n\t\t\t<a href=\"#\" role=\"button\"><br \/>\n\t\t\t\t\t\tPortal<br \/>\n\t\t\t\t\t<\/a><\/p>\n<style>\/*! elementor - v3.6.7 - 03-07-2022 *\/\n.elementor-heading-title{padding:0;margin:0;line-height:1}.elementor-widget-heading .elementor-heading-title[class*=elementor-size-]>a{color:inherit;font-size:inherit;line-height:inherit}.elementor-widget-heading .elementor-heading-title.elementor-size-small{font-size:15px}.elementor-widget-heading .elementor-heading-title.elementor-size-medium{font-size:19px}.elementor-widget-heading .elementor-heading-title.elementor-size-large{font-size:29px}.elementor-widget-heading .elementor-heading-title.elementor-size-xl{font-size:39px}.elementor-widget-heading .elementor-heading-title.elementor-size-xxl{font-size:59px}<\/style>\n<h2>Medicina Ocupacional<\/h2>\n<p>O servi\u00e7o de\u00a0Remo\u00e7\u00e3o de Pacientes\u00a0busca oferecer de forma segura, eficaz e humana o\u00a0transportes para pacientes portadores das mais diversas patologias, desde situa\u00e7\u00f5es onde n\u00e3o podem se mover, como por exemplo em casos p\u00f3s operat\u00f3rio de cirurgias, at\u00e9 casos de maiores complexidades como pacientes v\u00edtimas de AVC, infartos e demais casos graves, onde os cuidados dispensados s\u00e3o imensamente maiores.<\/p>\n<p>\t\t\t\t\t\t\t\t\t\t\t\t\t\t\t<img decoding=\"async\" width=\"844\" height=\"401\" src=\"http:\/\/same.med.br\/wp-content\/uploads\/2022\/07\/Remocao.webp\" alt=\"\" loading=\"lazy\" srcset=\"https:\/\/same.med.br\/wp-content\/uploads\/2022\/07\/Remocao.webp 844w, https:\/\/same.med.br\/wp-content\/uploads\/2022\/07\/Remocao-300x143.webp 300w, https:\/\/same.med.br\/wp-content\/uploads\/2022\/07\/Remocao-768x365.webp 768w\" sizes=\"auto, (max-width: 844px) 100vw, 844px\" \/>\t\t\t\t\t\t\t\t\t\t\t\t\t\t\t<\/p>\n<p>Esse servi\u00e7o que \u00e9 conhecido como\u00a0AMD ou APH , que significam atendimento m\u00e9dico domiciliar ou atendimento pr\u00e9 hospitalar, visa oferecer ao paciente um atendimento de excel\u00eancia em sua resid\u00eancia com equipamentos port\u00e1teis e uma gama de materiais e medica\u00e7\u00f5es acondicionados em mochilas de resgate, o profissional examina e desenvolve qualquer procedimento necess\u00e1rio a estabiliza\u00e7\u00e3o em seu lar ou remo\u00e7\u00e3o para uma unidade hospitalar.<\/p>\n<p>As chamadas poder\u00e3o ocorrer em tr\u00eas n\u00edveis, que s\u00e3o classificadas em c\u00f3digos:<\/p>\n<ul>\n<li>verde;<\/li>\n<li>amarelo;<\/li>\n<li>vermelho.<\/li>\n<\/ul>\n<p><strong>Remo\u00e7\u00e3o de pacientes legisla\u00e7\u00e3o, o que voc\u00ea deve saber?<\/strong><\/p>\n<p>Est\u00e1 em d\u00favida sobre como funciona a\u00a0remo\u00e7\u00e3o de pacientes legisla\u00e7\u00e3o\u00a0em\u00a0emerg\u00eancia m\u00e9dica? Preparamos este artigo para que voc\u00ea compreenda com clareza como esse transporte funciona e o que esperar ao solicitar a remo\u00e7\u00e3o.<\/p>\n<p>Acompanhe a leitura e descubra, inclusive, o que voc\u00ea deve saber sobre a atua\u00e7\u00e3o dos planos de sa\u00fade, caso necessite de transporte emergencial!<\/p>\n<p><strong>O que \u00e9 a remo\u00e7\u00e3o de pacientes legisla\u00e7\u00e3o?<\/strong><\/p>\n<p>A\u00a0remo\u00e7\u00e3o de pacientes legisla\u00e7\u00e3o\u00a0\u00e9 o ato de promover traslado de enfermos, em caso de emerg\u00eancia m\u00e9dica. Sendo assim, podemos entender essa atividade como de compet\u00eancia da \u00e1rea da sa\u00fade. \u00c9, em suma, composta por um corpo cl\u00ednico respons\u00e1vel e especializado no transporte de pacientes. Inclusive, eles possuem forma\u00e7\u00e3o t\u00e9cnica e te\u00f3rica para interferir, caso o enfermo passe mal durante o translado pr\u00e9-hospitalar ou intra-hospitalar.<\/p>\n<p><strong>Em quais casos de emerg\u00eancia m\u00e9dica a remo\u00e7\u00e3o \u00e9 indicada?<\/strong><\/p>\n<p>Sempre que o paciente estiver apresentando complica\u00e7\u00f5es f\u00edsicas por causa de falhas na sa\u00fade, n\u00e3o sendo poss\u00edvel transport\u00e1-lo atrav\u00e9s de ve\u00edculos comuns. Para se efetivar a remo\u00e7\u00e3o de pacientes, \u00e9 fundamental faz\u00ea-la atrav\u00e9s de ambul\u00e2ncia e com corpo de atendimento especializado no translado e no resgate de enfermos.<\/p>\n<p><strong>Tipos de remo\u00e7\u00e3o de pacientes\u00a0legisla\u00e7\u00e3o<\/strong><\/p>\n<p>H\u00e1 dois tipos de\u00a0remo\u00e7\u00e3o de pacientes legisla\u00e7\u00e3o, onde ser\u00e1 necess\u00e1ria a utiliza\u00e7\u00e3o de equipe para socorrer a emerg\u00eancia m\u00e9dica. S\u00e3o elas:<\/p>\n<ul>\n<li>Remo\u00e7\u00e3o pr\u00e9-hospitalar<\/li>\n<li>Remo\u00e7\u00e3o inter-hospitalar.<\/li>\n<\/ul>\n<p>Vamos falar um pouco mais sobre as duas formas de remover pacientes debilitados.<\/p>\n<p><strong>Pr\u00e9-hospitalar<\/strong><\/p>\n<p>Transporte pr\u00e9-hospitalar \u00e9 o que atende pacientes em caso graves de urg\u00eancia e emerg\u00eancia, onde o primeiro contato dele com a equipe especializada pode ser crucial para a manuten\u00e7\u00e3o da vida. \u00c9 fundamental que o atendimento pr\u00e9-hospitalar chegue r\u00e1pido at\u00e9 o paciente, a fim de evitar complica\u00e7\u00f5es. Ap\u00f3s a estabiliza\u00e7\u00e3o inicial, o indiv\u00edduo \u00e9 removido at\u00e9 a Unidade B\u00e1sica de Sa\u00fade mais pr\u00f3xima, de acordo com a orienta\u00e7\u00e3o dada pelo SUS.<\/p>\n<p><strong>Inter-hospitalar<\/strong><\/p>\n<p>O transporte inter-hospitalar envolve a remo\u00e7\u00e3o de pacientes entre unidades de sa\u00fade, podendo ser hospitais, cl\u00ednicas e outras unidades terap\u00eauticas (inclusive n\u00e3o hospitalares). Esse tipo de transporte se caracteriza pela remo\u00e7\u00e3o de pacientes que est\u00e3o em suporte de vida e tamb\u00e9m conta com equipe especializada no translado de enfermos nessa condi\u00e7\u00e3o.<\/p>\n<p><strong>Remo\u00e7\u00e3o de pacientes\u00a0legisla\u00e7\u00e3o<\/strong><\/p>\n<p>De acordo com a Resolu\u00e7\u00e3o do Conselho Federal de Medicina n\u00ba 1.672\/2003, ficou acordado que toda remo\u00e7\u00e3o de paciente deve ser feita com o acompanhamento de respons\u00e1veis m\u00e9dicos, treinados para o atendimento emergencial. Tamb\u00e9m, que os hospitais n\u00e3o devem negar o recebimento do enfermo. Al\u00e9m disso, que todo transporte deve ser devidamente autorizado pelo paciente ou por um representante legal, caso ele n\u00e3o tenha condi\u00e7\u00f5es.<\/p>\n<p>Essa Resolu\u00e7\u00e3o tamb\u00e9m indicou as peculiaridades que envolvem o translado via ambul\u00e2ncias aqu\u00e1ticas, a\u00e9reas e neonatal. A inten\u00e7\u00e3o \u00e9 regularizar todo o procedimento de translado, de modo a garantir os direitos dos pacientes e dos m\u00e9dicos que os acompanham nas ambul\u00e2ncias de emerg\u00eancia m\u00e9dica.<\/p>\n<p><strong>Em rela\u00e7\u00e3o aos planos de sa\u00fade<\/strong><\/p>\n<p>O caso dos planos de sa\u00fade j\u00e1 foi mais complexo. No entanto, com a Resolu\u00e7\u00e3o Normativa n\u00ba 347\/2014, tornou-se exig\u00edvel que todos os planos fa\u00e7am a remo\u00e7\u00e3o de seus pacientes que estejam fora da car\u00eancia. Sendo assim, se esse \u00e9 o seu caso, saiba que:<\/p>\n<ul>\n<li>Caso esteja dentro da \u00e1rea de cobertura do plano, a remo\u00e7\u00e3o \u00e9 garantida caso o paciente esteja no SUS ou hospital privado;<\/li>\n<li>Mesmo que o paciente esteja fora da \u00e1rea de cobertura do plano, a remo\u00e7\u00e3o \u00e9 garantida caso o incidente que o levou ao hospital tenha acontecido na \u00e1rea coberta;<\/li>\n<li>A remo\u00e7\u00e3o \u00e9 garantida caso o hospital do plano n\u00e3o apresente capacita\u00e7\u00e3o para o tratamento, levando o paciente at\u00e9 outro local;<\/li>\n<li>A remo\u00e7\u00e3o \u00e9 garantida caso o paciente n\u00e3o esteja em hospital, mas sim em locais onde n\u00e3o h\u00e1 a totalidade de recursos necess\u00e1rios.<\/li>\n<\/ul>\n<p><strong>Obrigatoriedade de ve\u00edculo espec\u00edfico<\/strong><\/p>\n<p>Entenda que, caso voc\u00ea esteja com um familiar passando mal e seja poss\u00edvel lev\u00e1-lo at\u00e9 a emerg\u00eancia mais pr\u00f3xima, isso n\u00e3o pode ser classificado como remo\u00e7\u00e3o. Indiscutivelmente, a remo\u00e7\u00e3o envolve corpo cl\u00ednico capacitado, bem como ve\u00edculos especialmente equipados para o transporte: as ambul\u00e2ncias.<\/p>\n<p>De acordo com a Portaria GM\/MS n\u00ba 2.048 de 5 de novembro de 2002, ficou especificado que as ambul\u00e2ncias s\u00e3o os ve\u00edculos destinados exclusivamente ao transporte de enfermos. Para tanto, existem seis tipos de ambul\u00e2ncia para remo\u00e7\u00e3o de pacientes. S\u00e3o elas:<\/p>\n<ul>\n<li>Tipo A: ambul\u00e2ncias para pacientes que n\u00e3o apresentam risco de morte;<\/li>\n<li>Tipo B: ambul\u00e2ncia de suporte \u00e0 vida, equipada com itens para subsidiar o atendimento inicial, onde h\u00e1 risco de morte;<\/li>\n<li>Tipo C: ambul\u00e2ncia de resgate, voltada para acidentados em locais de dif\u00edcil acesso. Est\u00e3o equipadas para suporte e salvamento;<\/li>\n<li>Tipo D: ambul\u00e2ncia avan\u00e7ada, para pacientes que est\u00e3o em risco iminente de morte;<\/li>\n<li>Tipo E: aeronave de transporte m\u00e9dico, indicada para remo\u00e7\u00e3o inter-hospitalar entre estados e munic\u00edpios;<\/li>\n<li>Tipo F: embarca\u00e7\u00e3o para transporte m\u00e9dico, equipada com itens para salvamento, urg\u00eancia e emerg\u00eancia.<\/li>\n<\/ul>\n","protected":false},"excerpt":{"rendered":"<p>Portal Portal Medicina Ocupacional O servi\u00e7o de\u00a0Remo\u00e7\u00e3o de Pacientes\u00a0busca oferecer de forma segura, eficaz e humana o\u00a0transportes para pacientes portadores das mais diversas patologias, desde situa\u00e7\u00f5es onde n\u00e3o podem se mover, como por exemplo em casos p\u00f3s operat\u00f3rio de cirurgias, at\u00e9 casos de maiores complexidades como pacientes v\u00edtimas de AVC, infartos e demais casos graves, [&hellip;]<\/p>\n","protected":false},"author":1,"featured_media":0,"parent":0,"menu_order":0,"comment_status":"closed","ping_status":"closed","template":"","meta":{"footnotes":""},"class_list":["post-678","page","type-page","status-publish","hentry","entry"],"_links":{"self":[{"href":"https:\/\/same.med.br\/index.php\/wp-json\/wp\/v2\/pages\/678","targetHints":{"allow":["GET"]}}],"collection":[{"href":"https:\/\/same.med.br\/index.php\/wp-json\/wp\/v2\/pages"}],"about":[{"href":"https:\/\/same.med.br\/index.php\/wp-json\/wp\/v2\/types\/page"}],"author":[{"embeddable":true,"href":"https:\/\/same.med.br\/index.php\/wp-json\/wp\/v2\/users\/1"}],"replies":[{"embeddable":true,"href":"https:\/\/same.med.br\/index.php\/wp-json\/wp\/v2\/comments?post=678"}],"version-history":[{"count":6,"href":"https:\/\/same.med.br\/index.php\/wp-json\/wp\/v2\/pages\/678\/revisions"}],"predecessor-version":[{"id":805,"href":"https:\/\/same.med.br\/index.php\/wp-json\/wp\/v2\/pages\/678\/revisions\/805"}],"wp:attachment":[{"href":"https:\/\/same.med.br\/index.php\/wp-json\/wp\/v2\/media?parent=678"}],"curies":[{"name":"wp","href":"https:\/\/api.w.org\/{rel}","templated":true}]}}