{"id":704,"date":"2022-07-10T18:44:49","date_gmt":"2022-07-10T21:44:49","guid":{"rendered":"https:\/\/same.med.br\/?page_id=704"},"modified":"2022-07-12T18:17:39","modified_gmt":"2022-07-12T21:17:39","slug":"servicos-2-2-2-2-2","status":"publish","type":"page","link":"https:\/\/same.med.br\/index.php\/servicos-2-2-2-2-2\/","title":{"rendered":"Medicina do Trabalho"},"content":{"rendered":"<style>\/*! elementor - v3.6.7 - 03-07-2022 *\/\n.elementor-widget-image{text-align:center}.elementor-widget-image a{display:inline-block}.elementor-widget-image a img[src$=\".svg\"]{width:48px}.elementor-widget-image img{vertical-align:middle;display:inline-block}<\/style>\n<p>\t\t\t\t\t\t\t\t\t\t\t\t<img decoding=\"async\" width=\"350\" height=\"144\" src=\"http:\/\/same.med.br\/wp-content\/uploads\/2022\/05\/SAme.png\" alt=\"\" loading=\"lazy\" srcset=\"https:\/\/same.med.br\/wp-content\/uploads\/2022\/05\/SAme.png 350w, https:\/\/same.med.br\/wp-content\/uploads\/2022\/05\/SAme-300x123.png 300w\" sizes=\"auto, (max-width: 350px) 100vw, 350px\" \/>\t\t\t\t\t\t\t\t\t\t\t\t\t\t\t<\/p>\n<style>\/*! elementor - v3.6.7 - 03-07-2022 *\/\n.e-container.e-container--row .elementor-spacer-inner{width:var(--spacer-size)}.e-container.e-container--column .elementor-spacer-inner,.elementor-column .elementor-spacer-inner{height:var(--spacer-size)}<\/style>\n<p>\t\t\t<a href=\"#\" role=\"button\"><br \/>\n\t\t\t\t\t\tPortal<br \/>\n\t\t\t\t\t<\/a><br \/>\n\t\t\t<a href=\"#\" role=\"button\"><br \/>\n\t\t\t\t\t\tPortal<br \/>\n\t\t\t\t\t<\/a><\/p>\n<style>\/*! elementor - v3.6.7 - 03-07-2022 *\/\n.elementor-heading-title{padding:0;margin:0;line-height:1}.elementor-widget-heading .elementor-heading-title[class*=elementor-size-]>a{color:inherit;font-size:inherit;line-height:inherit}.elementor-widget-heading .elementor-heading-title.elementor-size-small{font-size:15px}.elementor-widget-heading .elementor-heading-title.elementor-size-medium{font-size:19px}.elementor-widget-heading .elementor-heading-title.elementor-size-large{font-size:29px}.elementor-widget-heading .elementor-heading-title.elementor-size-xl{font-size:39px}.elementor-widget-heading .elementor-heading-title.elementor-size-xxl{font-size:59px}<\/style>\n<h2>Medicina do Trabalho<\/h2>\n<p>Especificamente visando a promo\u00e7\u00e3o e a preserva\u00e7\u00e3o da sa\u00fade do trabalhador, a SAME conta com uma equipe multidisciplinar de m\u00e9dicos, dentistas, psic\u00f3logos, fonoaudi\u00f3logos, enfermeiros e t\u00e9cnicos de enfermagem, todos especializados em sa\u00fade ocupacional garantindo assim maior qualidade na realiza\u00e7\u00e3o dos exames ocupacionais. \u00a0<\/p>\n<p>\t\t\t\t\t\t\t\t\t\t\t\t\t\t\t<img decoding=\"async\" width=\"540\" height=\"360\" src=\"http:\/\/same.med.br\/wp-content\/uploads\/2022\/05\/Medics-2.png\" alt=\"\" loading=\"lazy\" srcset=\"https:\/\/same.med.br\/wp-content\/uploads\/2022\/05\/Medics-2.png 540w, https:\/\/same.med.br\/wp-content\/uploads\/2022\/05\/Medics-2-300x200.png 300w\" sizes=\"auto, (max-width: 540px) 100vw, 540px\" \/><\/p>\n","protected":false},"excerpt":{"rendered":"<p>Portal Portal Medicina do Trabalho Especificamente visando a promo\u00e7\u00e3o e a preserva\u00e7\u00e3o da sa\u00fade do trabalhador, a SAME conta com uma equipe multidisciplinar de m\u00e9dicos, dentistas, psic\u00f3logos, fonoaudi\u00f3logos, enfermeiros e t\u00e9cnicos de enfermagem, todos especializados em sa\u00fade ocupacional garantindo assim maior qualidade na realiza\u00e7\u00e3o dos exames ocupacionais. \u00a0<\/p>\n","protected":false},"author":1,"featured_media":0,"parent":0,"menu_order":0,"comment_status":"closed","ping_status":"closed","template":"","meta":{"footnotes":""},"class_list":["post-704","page","type-page","status-publish","hentry","entry"],"_links":{"self":[{"href":"https:\/\/same.med.br\/index.php\/wp-json\/wp\/v2\/pages\/704","targetHints":{"allow":["GET"]}}],"collection":[{"href":"https:\/\/same.med.br\/index.php\/wp-json\/wp\/v2\/pages"}],"about":[{"href":"https:\/\/same.med.br\/index.php\/wp-json\/wp\/v2\/types\/page"}],"author":[{"embeddable":true,"href":"https:\/\/same.med.br\/index.php\/wp-json\/wp\/v2\/users\/1"}],"replies":[{"embeddable":true,"href":"https:\/\/same.med.br\/index.php\/wp-json\/wp\/v2\/comments?post=704"}],"version-history":[{"count":7,"href":"https:\/\/same.med.br\/index.php\/wp-json\/wp\/v2\/pages\/704\/revisions"}],"predecessor-version":[{"id":792,"href":"https:\/\/same.med.br\/index.php\/wp-json\/wp\/v2\/pages\/704\/revisions\/792"}],"wp:attachment":[{"href":"https:\/\/same.med.br\/index.php\/wp-json\/wp\/v2\/media?parent=704"}],"curies":[{"name":"wp","href":"https:\/\/api.w.org\/{rel}","templated":true}]}}